{"id":1408,"date":"2023-07-07T15:38:33","date_gmt":"2023-07-07T13:38:33","guid":{"rendered":"https:\/\/visitarlon.beta.noosphere.lu\/?post_type=product&#038;p=1408"},"modified":"2023-07-14T16:25:42","modified_gmt":"2023-07-14T14:25:42","slug":"arlon-a-la-belle-epoque4","status":"publish","type":"product","link":"https:\/\/visitarlon.be\/en\/product\/arlon-a-la-belle-epoque4\/","title":{"rendered":"&#8221;Arlon \u00e0 la belle \u00e9poque&#8221;"},"content":{"rendered":"","protected":false},"excerpt":{"rendered":"<p>&#8220;Arlon \u00e0 la belle \u00e9poque&#8221; is a book by Jean-Marie Triffaux about Arlon between 1889 and 1914.<br \/>\nOnly available in French.<\/p>\n","protected":false},"featured_media":1409,"template":"","meta":{"_acf_changed":false,"inline_featured_image":false},"product_brand":[],"product_cat":[34],"product_tag":[],"class_list":{"0":"post-1408","1":"product","2":"type-product","3":"status-publish","4":"has-post-thumbnail","6":"product_cat-livres","8":"first","9":"instock","10":"shipping-taxable","11":"product-type-simple"},"acf":[],"_links":{"self":[{"href":"https:\/\/visitarlon.be\/en\/wp-json\/wp\/v2\/product\/1408","targetHints":{"allow":["GET"]}}],"collection":[{"href":"https:\/\/visitarlon.be\/en\/wp-json\/wp\/v2\/product"}],"about":[{"href":"https:\/\/visitarlon.be\/en\/wp-json\/wp\/v2\/types\/product"}],"wp:featuredmedia":[{"embeddable":true,"href":"https:\/\/visitarlon.be\/en\/wp-json\/wp\/v2\/media\/1409"}],"wp:attachment":[{"href":"https:\/\/visitarlon.be\/en\/wp-json\/wp\/v2\/media?parent=1408"}],"wp:term":[{"taxonomy":"product_brand","embeddable":true,"href":"https:\/\/visitarlon.be\/en\/wp-json\/wp\/v2\/product_brand?post=1408"},{"taxonomy":"product_cat","embeddable":true,"href":"https:\/\/visitarlon.be\/en\/wp-json\/wp\/v2\/product_cat?post=1408"},{"taxonomy":"product_tag","embeddable":true,"href":"https:\/\/visitarlon.be\/en\/wp-json\/wp\/v2\/product_tag?post=1408"}],"curies":[{"name":"wp","href":"https:\/\/api.w.org\/{rel}","templated":true}]}}