{"id":1368,"date":"2023-07-07T13:36:41","date_gmt":"2023-07-07T11:36:41","guid":{"rendered":"https:\/\/visitarlon.beta.noosphere.lu\/?post_type=product&#038;p=1368"},"modified":"2026-03-23T15:50:30","modified_gmt":"2026-03-23T14:50:30","slug":"maitrank-juwalen","status":"publish","type":"product","link":"https:\/\/visitarlon.be\/nl\/product\/maitrank-juwalen\/","title":{"rendered":"Maitrank-sieraden"},"content":{"rendered":"","protected":false},"excerpt":{"rendered":"<p>Verschillende modellen verkrijgbaar in de winkel, waaronder:<br \/>\nOorbellen met maitrank glazen,<br \/>\nAsymmetrische oorbellen: \u00e9\u00e9n glas en \u00e9\u00e9n oranje,<br \/>\nKetting met maitrank glazen.<\/p>\n","protected":false},"featured_media":1399,"template":"","meta":{"_acf_changed":false,"inline_featured_image":false},"product_brand":[],"product_cat":[32],"product_tag":[],"class_list":{"0":"post-1368","1":"product","2":"type-product","3":"status-publish","4":"has-post-thumbnail","6":"product_cat-souvenirs-arlon","8":"first","9":"instock","10":"shipping-taxable","11":"product-type-simple"},"acf":[],"_links":{"self":[{"href":"https:\/\/visitarlon.be\/nl\/wp-json\/wp\/v2\/product\/1368","targetHints":{"allow":["GET"]}}],"collection":[{"href":"https:\/\/visitarlon.be\/nl\/wp-json\/wp\/v2\/product"}],"about":[{"href":"https:\/\/visitarlon.be\/nl\/wp-json\/wp\/v2\/types\/product"}],"wp:featuredmedia":[{"embeddable":true,"href":"https:\/\/visitarlon.be\/nl\/wp-json\/wp\/v2\/media\/1399"}],"wp:attachment":[{"href":"https:\/\/visitarlon.be\/nl\/wp-json\/wp\/v2\/media?parent=1368"}],"wp:term":[{"taxonomy":"product_brand","embeddable":true,"href":"https:\/\/visitarlon.be\/nl\/wp-json\/wp\/v2\/product_brand?post=1368"},{"taxonomy":"product_cat","embeddable":true,"href":"https:\/\/visitarlon.be\/nl\/wp-json\/wp\/v2\/product_cat?post=1368"},{"taxonomy":"product_tag","embeddable":true,"href":"https:\/\/visitarlon.be\/nl\/wp-json\/wp\/v2\/product_tag?post=1368"}],"curies":[{"name":"wp","href":"https:\/\/api.w.org\/{rel}","templated":true}]}}